{"id":9758,"date":"2021-06-09T16:41:32","date_gmt":"2021-06-09T16:41:32","guid":{"rendered":"http:\/\/www.bomberos.gob.pa\/estaciones\/forget-password-page\/"},"modified":"2021-06-09T19:10:12","modified_gmt":"2021-06-09T19:10:12","slug":"forget-password-page","status":"publish","type":"page","link":"https:\/\/www.bomberos.gob.pa\/estaciones\/forget-password-page\/","title":{"rendered":"Forget Password Page"},"content":{"rendered":"<div id=\"password-lost-form\" class=\"widecolumn cth-wide-form\">\n    \n     \n    <p>\n        Enter your email address and we'll send you a link you can use to pick a new password.    <\/p>\n \n    <form id=\"lostpasswordform\" action=\"https:\/\/www.bomberos.gob.pa\/estaciones\/wp-login.php?action=lostpassword\" method=\"post\">\n        <p class=\"form-row\">\n            <label for=\"user_login\">Username or Email Address<\/label>\n            <input type=\"text\" name=\"user_login\" id=\"user_login\">\n        <\/p>\n\n         \n        <p class=\"lostpassword-submit\">\n            <input type=\"submit\" name=\"submit\" class=\"lostpassword-button button button-primary\"\n                   value=\"Reset Password\"\/>\n        <\/p>\n\n        <p><a class=\"have-an-account\" href=\"https:\/\/www.bomberos.gob.pa\/estaciones\/wp-login.php\">\n            Have an account?        <\/a><\/p>\n    <\/form>\n<\/div>\n\n\n","protected":false},"excerpt":{"rendered":"","protected":false},"author":1,"featured_media":0,"parent":0,"menu_order":0,"comment_status":"closed","ping_status":"closed","template":"page-sidebar-no.php","meta":{"footnotes":""},"class_list":["post-9758","page","type-page","status-publish","hentry"],"yoast_head":"<!-- This site is optimized with the Yoast SEO plugin v26.2 - https:\/\/yoast.com\/wordpress\/plugins\/seo\/ -->\r\n<title>Forget Password Page - Estaciones de Bomberos Panam\u00e1<\/title>\r\n<meta name=\"robots\" content=\"index, follow, max-snippet:-1, max-image-preview:large, max-video-preview:-1\" \/>\r\n<link rel=\"canonical\" href=\"https:\/\/www.bomberos.gob.pa\/estaciones\/forget-password-page\/\" \/>\r\n<meta property=\"og:locale\" content=\"es_ES\" \/>\r\n<meta property=\"og:type\" content=\"article\" \/>\r\n<meta property=\"og:title\" content=\"Forget Password Page - Estaciones de Bomberos Panam\u00e1\" \/>\r\n<meta property=\"og:url\" content=\"https:\/\/www.bomberos.gob.pa\/estaciones\/forget-password-page\/\" \/>\r\n<meta property=\"og:site_name\" content=\"Estaciones de Bomberos Panam\u00e1\" \/>\r\n<meta property=\"article:publisher\" content=\"https:\/\/www.facebook.com\/bomberosdepanama\/\" \/>\r\n<meta property=\"article:modified_time\" content=\"2021-06-09T19:10:12+00:00\" \/>\r\n<meta property=\"og:image\" content=\"https:\/\/www.bomberos.gob.pa\/estaciones\/wp-content\/uploads\/2021\/06\/logo-bomberos-fondo-blanco-web.jpg\" \/>\r\n\t<meta property=\"og:image:width\" content=\"800\" \/>\r\n\t<meta property=\"og:image:height\" content=\"533\" \/>\r\n\t<meta property=\"og:image:type\" content=\"image\/jpeg\" \/>\r\n<meta name=\"twitter:card\" content=\"summary_large_image\" \/>\r\n<meta name=\"twitter:site\" content=\"@BCBRP\" \/>\r\n<script type=\"application\/ld+json\" class=\"yoast-schema-graph\">{\"@context\":\"https:\/\/schema.org\",\"@graph\":[{\"@type\":\"WebPage\",\"@id\":\"https:\/\/www.bomberos.gob.pa\/estaciones\/forget-password-page\/\",\"url\":\"https:\/\/www.bomberos.gob.pa\/estaciones\/forget-password-page\/\",\"name\":\"Forget Password Page - Estaciones de Bomberos Panam\u00e1\",\"isPartOf\":{\"@id\":\"https:\/\/www.bomberos.gob.pa\/estaciones\/#website\"},\"datePublished\":\"2021-06-09T16:41:32+00:00\",\"dateModified\":\"2021-06-09T19:10:12+00:00\",\"breadcrumb\":{\"@id\":\"https:\/\/www.bomberos.gob.pa\/estaciones\/forget-password-page\/#breadcrumb\"},\"inLanguage\":\"es\",\"potentialAction\":[{\"@type\":\"ReadAction\",\"target\":[\"https:\/\/www.bomberos.gob.pa\/estaciones\/forget-password-page\/\"]}]},{\"@type\":\"BreadcrumbList\",\"@id\":\"https:\/\/www.bomberos.gob.pa\/estaciones\/forget-password-page\/#breadcrumb\",\"itemListElement\":[{\"@type\":\"ListItem\",\"position\":1,\"name\":\"Portada\",\"item\":\"https:\/\/www.bomberos.gob.pa\/estaciones\/\"},{\"@type\":\"ListItem\",\"position\":2,\"name\":\"Forget Password Page\"}]},{\"@type\":\"WebSite\",\"@id\":\"https:\/\/www.bomberos.gob.pa\/estaciones\/#website\",\"url\":\"https:\/\/www.bomberos.gob.pa\/estaciones\/\",\"name\":\"Estaciones de Bomberos Panam\u00e1\",\"description\":\"Ubicaciones de Estaciones de Bomberos en Panam\u00e1\",\"publisher\":{\"@id\":\"https:\/\/www.bomberos.gob.pa\/estaciones\/#organization\"},\"potentialAction\":[{\"@type\":\"SearchAction\",\"target\":{\"@type\":\"EntryPoint\",\"urlTemplate\":\"https:\/\/www.bomberos.gob.pa\/estaciones\/?s={search_term_string}\"},\"query-input\":{\"@type\":\"PropertyValueSpecification\",\"valueRequired\":true,\"valueName\":\"search_term_string\"}}],\"inLanguage\":\"es\"},{\"@type\":\"Organization\",\"@id\":\"https:\/\/www.bomberos.gob.pa\/estaciones\/#organization\",\"name\":\"Benem\u00e9rito Cuerpo de Bomberos de la Rep\u00fablica de Panam\u00e1\",\"url\":\"https:\/\/www.bomberos.gob.pa\/estaciones\/\",\"logo\":{\"@type\":\"ImageObject\",\"inLanguage\":\"es\",\"@id\":\"https:\/\/www.bomberos.gob.pa\/estaciones\/#\/schema\/logo\/image\/\",\"url\":\"http:\/\/www.bomberos.gob.pa\/estaciones\/wp-content\/uploads\/2021\/06\/logo-bomberos-fondo-blanco-web.jpg\",\"contentUrl\":\"http:\/\/www.bomberos.gob.pa\/estaciones\/wp-content\/uploads\/2021\/06\/logo-bomberos-fondo-blanco-web.jpg\",\"width\":800,\"height\":533,\"caption\":\"Benem\u00e9rito Cuerpo de Bomberos de la Rep\u00fablica de Panam\u00e1\"},\"image\":{\"@id\":\"https:\/\/www.bomberos.gob.pa\/estaciones\/#\/schema\/logo\/image\/\"},\"sameAs\":[\"https:\/\/www.facebook.com\/bomberosdepanama\/\",\"https:\/\/x.com\/BCBRP\",\"https:\/\/www.instagram.com\/bomberospanama\/\",\"https:\/\/www.youtube.com\/c\/BomberosDePanamaBCBRP\"]}]}<\/script>\r\n<!-- \/ Yoast SEO plugin. -->","yoast_head_json":{"title":"Forget Password Page - Estaciones de Bomberos Panam\u00e1","robots":{"index":"index","follow":"follow","max-snippet":"max-snippet:-1","max-image-preview":"max-image-preview:large","max-video-preview":"max-video-preview:-1"},"canonical":"https:\/\/www.bomberos.gob.pa\/estaciones\/forget-password-page\/","og_locale":"es_ES","og_type":"article","og_title":"Forget Password Page - Estaciones de Bomberos Panam\u00e1","og_url":"https:\/\/www.bomberos.gob.pa\/estaciones\/forget-password-page\/","og_site_name":"Estaciones de Bomberos Panam\u00e1","article_publisher":"https:\/\/www.facebook.com\/bomberosdepanama\/","article_modified_time":"2021-06-09T19:10:12+00:00","og_image":[{"width":800,"height":533,"url":"https:\/\/www.bomberos.gob.pa\/estaciones\/wp-content\/uploads\/2021\/06\/logo-bomberos-fondo-blanco-web.jpg","type":"image\/jpeg"}],"twitter_card":"summary_large_image","twitter_site":"@BCBRP","schema":{"@context":"https:\/\/schema.org","@graph":[{"@type":"WebPage","@id":"https:\/\/www.bomberos.gob.pa\/estaciones\/forget-password-page\/","url":"https:\/\/www.bomberos.gob.pa\/estaciones\/forget-password-page\/","name":"Forget Password Page - Estaciones de Bomberos Panam\u00e1","isPartOf":{"@id":"https:\/\/www.bomberos.gob.pa\/estaciones\/#website"},"datePublished":"2021-06-09T16:41:32+00:00","dateModified":"2021-06-09T19:10:12+00:00","breadcrumb":{"@id":"https:\/\/www.bomberos.gob.pa\/estaciones\/forget-password-page\/#breadcrumb"},"inLanguage":"es","potentialAction":[{"@type":"ReadAction","target":["https:\/\/www.bomberos.gob.pa\/estaciones\/forget-password-page\/"]}]},{"@type":"BreadcrumbList","@id":"https:\/\/www.bomberos.gob.pa\/estaciones\/forget-password-page\/#breadcrumb","itemListElement":[{"@type":"ListItem","position":1,"name":"Portada","item":"https:\/\/www.bomberos.gob.pa\/estaciones\/"},{"@type":"ListItem","position":2,"name":"Forget Password Page"}]},{"@type":"WebSite","@id":"https:\/\/www.bomberos.gob.pa\/estaciones\/#website","url":"https:\/\/www.bomberos.gob.pa\/estaciones\/","name":"Estaciones de Bomberos Panam\u00e1","description":"Ubicaciones de Estaciones de Bomberos en Panam\u00e1","publisher":{"@id":"https:\/\/www.bomberos.gob.pa\/estaciones\/#organization"},"potentialAction":[{"@type":"SearchAction","target":{"@type":"EntryPoint","urlTemplate":"https:\/\/www.bomberos.gob.pa\/estaciones\/?s={search_term_string}"},"query-input":{"@type":"PropertyValueSpecification","valueRequired":true,"valueName":"search_term_string"}}],"inLanguage":"es"},{"@type":"Organization","@id":"https:\/\/www.bomberos.gob.pa\/estaciones\/#organization","name":"Benem\u00e9rito Cuerpo de Bomberos de la Rep\u00fablica de Panam\u00e1","url":"https:\/\/www.bomberos.gob.pa\/estaciones\/","logo":{"@type":"ImageObject","inLanguage":"es","@id":"https:\/\/www.bomberos.gob.pa\/estaciones\/#\/schema\/logo\/image\/","url":"http:\/\/www.bomberos.gob.pa\/estaciones\/wp-content\/uploads\/2021\/06\/logo-bomberos-fondo-blanco-web.jpg","contentUrl":"http:\/\/www.bomberos.gob.pa\/estaciones\/wp-content\/uploads\/2021\/06\/logo-bomberos-fondo-blanco-web.jpg","width":800,"height":533,"caption":"Benem\u00e9rito Cuerpo de Bomberos de la Rep\u00fablica de Panam\u00e1"},"image":{"@id":"https:\/\/www.bomberos.gob.pa\/estaciones\/#\/schema\/logo\/image\/"},"sameAs":["https:\/\/www.facebook.com\/bomberosdepanama\/","https:\/\/x.com\/BCBRP","https:\/\/www.instagram.com\/bomberospanama\/","https:\/\/www.youtube.com\/c\/BomberosDePanamaBCBRP"]}]}},"_links":{"self":[{"href":"https:\/\/www.bomberos.gob.pa\/estaciones\/wp-json\/wp\/v2\/pages\/9758","targetHints":{"allow":["GET"]}}],"collection":[{"href":"https:\/\/www.bomberos.gob.pa\/estaciones\/wp-json\/wp\/v2\/pages"}],"about":[{"href":"https:\/\/www.bomberos.gob.pa\/estaciones\/wp-json\/wp\/v2\/types\/page"}],"author":[{"embeddable":true,"href":"https:\/\/www.bomberos.gob.pa\/estaciones\/wp-json\/wp\/v2\/users\/1"}],"replies":[{"embeddable":true,"href":"https:\/\/www.bomberos.gob.pa\/estaciones\/wp-json\/wp\/v2\/comments?post=9758"}],"version-history":[{"count":1,"href":"https:\/\/www.bomberos.gob.pa\/estaciones\/wp-json\/wp\/v2\/pages\/9758\/revisions"}],"predecessor-version":[{"id":9768,"href":"https:\/\/www.bomberos.gob.pa\/estaciones\/wp-json\/wp\/v2\/pages\/9758\/revisions\/9768"}],"wp:attachment":[{"href":"https:\/\/www.bomberos.gob.pa\/estaciones\/wp-json\/wp\/v2\/media?parent=9758"}],"curies":[{"name":"wp","href":"https:\/\/api.w.org\/{rel}","templated":true}]}}