{"id":1798,"date":"2025-06-09T13:44:32","date_gmt":"2025-06-09T18:44:32","guid":{"rendered":"https:\/\/www.bomberos.gob.pa\/congreso-mujeres-bomberas-2025\/?page_id=1798"},"modified":"2025-08-05T11:45:02","modified_gmt":"2025-08-05T16:45:02","slug":"normas-importantes-del-congreso","status":"publish","type":"page","link":"https:\/\/www.bomberos.gob.pa\/congreso-mujeres-bomberas-2025\/normas-importantes-del-congreso\/","title":{"rendered":"NORMAS IMPORTANTES DEL CONGRESO"},"content":{"rendered":"\t\t<div data-elementor-type=\"wp-page\" data-elementor-id=\"1798\" class=\"elementor elementor-1798\" data-elementor-post-type=\"page\">\n\t\t\t\t<div class=\"elementor-element elementor-element-4f6843d9 e-flex e-con-boxed e-con e-parent\" data-id=\"4f6843d9\" data-element_type=\"container\" data-e-type=\"container\">\n\t\t\t\t\t<div class=\"e-con-inner\">\n\t\t\t\t<div class=\"elementor-element elementor-element-3ccdf0b5 elementor-widget elementor-widget-text-editor\" data-id=\"3ccdf0b5\" data-element_type=\"widget\" data-e-type=\"widget\" data-widget_type=\"text-editor.default\">\n\t\t\t\t<div class=\"elementor-widget-container\">\n\t\t\t\t\t\t\t\t\t<ol><li><strong>Inscripci\u00f3n<\/strong><\/li><\/ol><ul><li>Las participantes deben inscribirse de forma virtual.<\/li><li>En caso de no hacerlo previamente las invitadas internacionales, podr\u00e1n registrarse el d\u00eda del evento en un horario de 3:00 p.m. a 6:00 p.m..<\/li><\/ul><ol start=\"2\"><li><strong>Documentaci\u00f3n Requerida<\/strong><\/li><\/ol><ul><li>Es obligatorio adjuntar:<\/li><li>Carta de respaldo de su comandante.<\/li><li>Recibo de pago correspondiente.<\/li><li>Las invitadas internacionales podr\u00e1n realizar el pago por ACH a la cuenta del Banco Nacional que incluye un recargo de 3$ o lo pueden hacer \u00a0directamente en recepci\u00f3n el d\u00eda del evento, de 3 a 5 p.m. el 23 de septiembre.<\/li><\/ul><ol start=\"3\"><li><strong>Asistencia Obligatoria<\/strong><\/li><\/ol><ul><li>Las participantes deben asistir a todas las conferencias sin excepci\u00f3n.<\/li><li>Solo se entregar\u00e1 el diploma de reconocimiento a quienes cumplan con la asistencia completa.<\/li><\/ul><ol start=\"4\"><li><strong>Puntualidad<\/strong><\/li><\/ol><ul><li>Es obligatorio llegar a tiempo, ya que:<\/li><li>Las puertas del sal\u00f3n se cerrar\u00e1n estrictamente a las horas estipuladas.<\/li><\/ul>\t\t\t\t\t\t\t\t<\/div>\n\t\t\t\t<\/div>\n\t\t\t\t<div class=\"elementor-element elementor-element-39c5192 elementor-widget elementor-widget-text-editor\" data-id=\"39c5192\" data-element_type=\"widget\" data-e-type=\"widget\" data-widget_type=\"text-editor.default\">\n\t\t\t\t<div class=\"elementor-widget-container\">\n\t\t\t\t\t\t\t\t\t<h3><span style=\"color: #ff880d;\">C\u00d3DIGO DE VESTIMENTA<\/span><\/h3><p><strong>D\u00eda 23: Ceremonia de Apertura<\/strong><\/p><ul><li>Uniforme de Desfile<\/li><\/ul><p><strong>D\u00eda 24 y 25: Conferencias y Visitas<\/strong><\/p><ul><li>T-shirt Rojo o Azul<\/li><li>Pantal\u00f3n Caqui o Azul<\/li><li>Uniforme de Fatiga<\/li><\/ul><p><strong>D\u00eda 26: Ceremonia de Calusura<\/strong><\/p><ul><li>Uniforme de Desfile<\/li><\/ul><p><strong>D\u00eda 26: Fiesta de Calusura<\/strong><\/p><ul><li>Vestimenta libre (civil) <strong>no utilizar uniform<\/strong>e<\/li><\/ul>\t\t\t\t\t\t\t\t<\/div>\n\t\t\t\t<\/div>\n\t\t\t\t<div class=\"elementor-element elementor-element-8112ec2 elementor-widget elementor-widget-text-editor\" data-id=\"8112ec2\" data-element_type=\"widget\" data-e-type=\"widget\" data-widget_type=\"text-editor.default\">\n\t\t\t\t<div class=\"elementor-widget-container\">\n\t\t\t\t\t\t\t\t\t<h3><span style=\"color: #ff880d;\">REGLAMENTO DE LA COMPETENCIA DE DESTREZAS BOMBERILES<\/span><\/h3><p>Conoce tambi\u00e9n el reglamento para la competencia femenina de destreza bomberil.<\/p><p><a href=\"https:\/\/www.bomberos.gob.pa\/congreso-mujeres-bomberas-2025\/wp-content\/uploads\/2025\/06\/reglas-destrezas-congreso-mujeres-bomberas-2025-web.pdf\" target=\"_blank\" rel=\"noopener\"><span style=\"color: #ff880d;\"><strong>DESCARGAR REGLAMENTO<\/strong><\/span><\/a><\/p><p><a href=\"https:\/\/www.bomberos.gob.pa\/congreso-mujeres-bomberas-2025\/wp-content\/uploads\/2025\/07\/female-firegihter-skills-competition-rules-2025_EN-web.pdf\"><strong><span style=\"color: #ff880d;\">DOWNLOAD COMPETITION RULES<\/span><\/strong><\/a><\/p>\t\t\t\t\t\t\t\t<\/div>\n\t\t\t\t<\/div>\n\t\t\t\t\t<\/div>\n\t\t\t\t<\/div>\n\t\t\t\t<\/div>\n\t\t","protected":false},"excerpt":{"rendered":"<p class=\"tx-excerpt\">Inscripci\u00f3n Las participantes deben inscribirse de forma virtual. En caso de no hacerlo previamente las invitadas internacionales, podr\u00e1n registrarse el d\u00eda del evento en un horario de 3:00 p.m. a 6:00 p.m.. Documentaci\u00f3n Requerida Es...<\/p>","protected":false},"author":1,"featured_media":1413,"parent":0,"menu_order":0,"comment_status":"closed","ping_status":"closed","template":"","meta":{"footnotes":""},"class_list":["post-1798","page","type-page","status-publish","has-post-thumbnail","hentry"],"_links":{"self":[{"href":"https:\/\/www.bomberos.gob.pa\/congreso-mujeres-bomberas-2025\/wp-json\/wp\/v2\/pages\/1798","targetHints":{"allow":["GET"]}}],"collection":[{"href":"https:\/\/www.bomberos.gob.pa\/congreso-mujeres-bomberas-2025\/wp-json\/wp\/v2\/pages"}],"about":[{"href":"https:\/\/www.bomberos.gob.pa\/congreso-mujeres-bomberas-2025\/wp-json\/wp\/v2\/types\/page"}],"author":[{"embeddable":true,"href":"https:\/\/www.bomberos.gob.pa\/congreso-mujeres-bomberas-2025\/wp-json\/wp\/v2\/users\/1"}],"replies":[{"embeddable":true,"href":"https:\/\/www.bomberos.gob.pa\/congreso-mujeres-bomberas-2025\/wp-json\/wp\/v2\/comments?post=1798"}],"version-history":[{"count":0,"href":"https:\/\/www.bomberos.gob.pa\/congreso-mujeres-bomberas-2025\/wp-json\/wp\/v2\/pages\/1798\/revisions"}],"wp:featuredmedia":[{"embeddable":true,"href":"https:\/\/www.bomberos.gob.pa\/congreso-mujeres-bomberas-2025\/wp-json\/wp\/v2\/media\/1413"}],"wp:attachment":[{"href":"https:\/\/www.bomberos.gob.pa\/congreso-mujeres-bomberas-2025\/wp-json\/wp\/v2\/media?parent=1798"}],"curies":[{"name":"wp","href":"https:\/\/api.w.org\/{rel}","templated":true}]}}