{"id":1120,"date":"2025-05-06T09:45:37","date_gmt":"2025-05-06T07:45:37","guid":{"rendered":"https:\/\/localhost\/congreso-mujeres-bomberas-2025\/?page_id=1120"},"modified":"2025-08-01T11:12:08","modified_gmt":"2025-08-01T16:12:08","slug":"formulario-de-inscripcio-destrezas-bomberiles","status":"publish","type":"page","link":"https:\/\/www.bomberos.gob.pa\/congreso-mujeres-bomberas-2025\/formulario-de-inscripcio-destrezas-bomberiles\/","title":{"rendered":"FORMULARIO DE INSCRIPCI\u00d3N DESTREZAS BOMBERILES"},"content":{"rendered":"\t\t<div data-elementor-type=\"wp-page\" data-elementor-id=\"1120\" class=\"elementor elementor-1120\" data-elementor-post-type=\"page\">\n\t\t\t\t\t\t<section class=\"elementor-section elementor-top-section elementor-element elementor-element-b01c4e4 elementor-section-full_width elementor-section-stretched elementor-section-height-default elementor-section-height-default\" data-id=\"b01c4e4\" data-element_type=\"section\" data-e-type=\"section\" data-settings=\"{&quot;stretch_section&quot;:&quot;section-stretched&quot;,&quot;background_background&quot;:&quot;classic&quot;}\">\n\t\t\t\t\t\t\t<div class=\"elementor-background-overlay\"><\/div>\n\t\t\t\t\t\t\t<div class=\"elementor-container elementor-column-gap-no\">\n\t\t\t\t\t<div class=\"elementor-column elementor-col-100 elementor-top-column elementor-element elementor-element-96939fb\" data-id=\"96939fb\" data-element_type=\"column\" data-e-type=\"column\">\n\t\t\t<div class=\"elementor-widget-wrap elementor-element-populated\">\n\t\t\t\t\t\t<div class=\"elementor-element elementor-element-389dae3 elementor-widget elementor-widget-avas-icon-box\" data-id=\"389dae3\" data-element_type=\"widget\" data-e-type=\"widget\" data-widget_type=\"avas-icon-box.default\">\n\t\t\t\t<div class=\"elementor-widget-container\">\n\t\t\t\t\t\t\n\t\t<div class=\"tx-icon-box-wrap style-1 center\">\n\n\t\t\t<div class=\"tx-icon-box-icon\">\n\t\t\t\t\n\t\t\t\t\n\t\t\t<\/div><!-- tx-icon-box-icon -->\n\n\t\t\t<div class=\"tx-icon-box-content-wrap\">\n\n\t\t\t\t\t\t\t\t\t\t\t\t<h1 class=\"tx-icon-box-title\">\n\t\t\t\tFORMULARIO DE INSCRIPCI\u00d3N\t\t\t\t<\/h1>\n\t\t\t\t\t\t\t\t\n\t\t\t\t<div class=\"tx-icon-box-desc\"><h3 style=\"text-align: center\"><span style=\"color: #ff880d\">COMPETENCIA DE DESTREZAS BOMBERILES<\/span><\/h3><\/div>\n\t\t\t\t\t\t\t<\/div><!-- tx-icon-box-content-wrap -->\n\n\t\t<\/div><!-- tx-icon-box-wrap -->\n\n\t\t\t\t<\/div>\n\t\t\t\t<\/div>\n\t\t\t\t\t<\/div>\n\t\t<\/div>\n\t\t\t\t\t<\/div>\n\t\t<\/section>\n\t\t\t\t<section class=\"elementor-section elementor-top-section elementor-element elementor-element-3797825 elementor-section-boxed elementor-section-height-default elementor-section-height-default\" data-id=\"3797825\" data-element_type=\"section\" data-e-type=\"section\">\n\t\t\t\t\t\t<div class=\"elementor-container elementor-column-gap-default\">\n\t\t\t\t\t<div class=\"elementor-column elementor-col-50 elementor-top-column elementor-element elementor-element-6731e6c\" data-id=\"6731e6c\" data-element_type=\"column\" data-e-type=\"column\">\n\t\t\t<div class=\"elementor-widget-wrap elementor-element-populated\">\n\t\t\t\t\t\t<div class=\"elementor-element elementor-element-3c925cd elementor-widget elementor-widget-text-editor\" data-id=\"3c925cd\" data-element_type=\"widget\" data-e-type=\"widget\" data-widget_type=\"text-editor.default\">\n\t\t\t\t<div class=\"elementor-widget-container\">\n\t\t\t\t\t\t\t\t\t<p>En la competencia de destreza bomberil femenina, las participantes pondr\u00e1n a prueba sus habilidad, fuerza y determinaci\u00f3n representando a sus diferentes delegaciones.<\/p><p>Descarga el reglamento donde podr\u00e1s ver m\u00e1s sobre:<\/p><ul><li>Aspectos generales de la competencia<\/li><li>Descripci\u00f3n operativa del circuito<\/li><li>Criterios de penalizaci\u00f3n<\/li><li>Causales de descalificaci\u00f3n<\/li><li>Equipo de Protecci\u00f3n Personal (EPP)<\/li><li>Jueces de la Competencia<\/li><li>Clasificaci\u00f3n<\/li><\/ul><p>Entre otra informaci\u00f3n de gran utilidad.<\/p>\t\t\t\t\t\t\t\t<\/div>\n\t\t\t\t<\/div>\n\t\t\t\t\t<\/div>\n\t\t<\/div>\n\t\t\t\t<div class=\"elementor-column elementor-col-50 elementor-top-column elementor-element elementor-element-1bcec08\" data-id=\"1bcec08\" data-element_type=\"column\" data-e-type=\"column\">\n\t\t\t<div class=\"elementor-widget-wrap elementor-element-populated\">\n\t\t\t\t\t\t<div class=\"elementor-element elementor-element-764c2ca elementor-widget elementor-widget-text-editor\" data-id=\"764c2ca\" data-element_type=\"widget\" data-e-type=\"widget\" data-widget_type=\"text-editor.default\">\n\t\t\t\t<div class=\"elementor-widget-container\">\n\t\t\t\t\t\t\t\t\t<p style=\"text-align: center;\"><span style=\"color: #ff880d;\"><strong>Ver o Descargar Reglamento<\/strong><\/span><\/p><table style=\"height: 53px;\" width=\"110\"><tbody><tr><td><a href=\"https:\/\/www.bomberos.gob.pa\/congreso-mujeres-bomberas-2025\/wp-content\/uploads\/2025\/06\/reglas-destrezas-congreso-mujeres-bomberas-2025-web.pdf\" target=\"_blank\" rel=\"noopener\"><img decoding=\"async\" class=\"size-full wp-image-19671 aligncenter\" src=\"https:\/\/www.bomberos.gob.pa\/congreso-mujeres-bomberas-2025\/wp-content\/uploads\/2025\/07\/spain-flag.webp\" alt=\"\" width=\"50\" height=\"75\" \/><\/a><\/td><td><a href=\"https:\/\/www.bomberos.gob.pa\/congreso-mujeres-bomberas-2025\/wp-content\/uploads\/2025\/07\/female-firegihter-skills-competition-rules-2025_EN-web.pdf\" target=\"_blank\" rel=\"noopener\"><img decoding=\"async\" class=\"size-full wp-image-19670 aligncenter\" src=\"https:\/\/www.bomberos.gob.pa\/congreso-mujeres-bomberas-2025\/wp-content\/uploads\/2025\/07\/UK-flag.webp\" alt=\"\" width=\"50\" height=\"75\" \/><\/a><\/td><\/tr><\/tbody><\/table>\t\t\t\t\t\t\t\t<\/div>\n\t\t\t\t<\/div>\n\t\t\t\t\t<\/div>\n\t\t<\/div>\n\t\t\t\t\t<\/div>\n\t\t<\/section>\n\t\t<div class=\"elementor-element elementor-element-1ec5eaa e-flex e-con-boxed e-con e-parent\" data-id=\"1ec5eaa\" data-element_type=\"container\" data-e-type=\"container\" data-settings=\"{&quot;background_background&quot;:&quot;classic&quot;}\">\n\t\t\t\t\t<div class=\"e-con-inner\">\n\t\t\t\t<div class=\"elementor-element elementor-element-dd3456a elementor-widget__width-initial elementor-widget elementor-widget-html\" data-id=\"dd3456a\" data-element_type=\"widget\" data-e-type=\"widget\" data-widget_type=\"html.default\">\n\t\t\t\t<div class=\"elementor-widget-container\">\n\t\t\t\t\t<iframe src=\"https:\/\/docs.google.com\/forms\/d\/e\/1FAIpQLSd6lymkS--aSNpzhct_CmTUQvBq4qDpWhLwby4CPrrprMdl1g\/viewform?embedded=true\" width=\"340\" height=\"1360\" frameborder=\"0\" marginheight=\"0\" marginwidth=\"0\">Cargando\u2026<\/iframe>\t\t\t\t<\/div>\n\t\t\t\t<\/div>\n\t\t\t\t\t<\/div>\n\t\t\t\t<\/div>\n\t\t\t\t<\/div>\n\t\t","protected":false},"excerpt":{"rendered":"<p class=\"tx-excerpt\">FORMULARIO DE INSCRIPCI\u00d3N COMPETENCIA DE DESTREZAS BOMBERILES En la competencia de destreza bomberil femenina, las participantes pondr\u00e1n a prueba sus habilidad, fuerza y determinaci\u00f3n representando a sus diferentes delegaciones. Descarga el reglamento donde podr\u00e1s ver...<\/p>","protected":false},"author":1,"featured_media":0,"parent":0,"menu_order":0,"comment_status":"closed","ping_status":"closed","template":"","meta":{"footnotes":""},"class_list":["post-1120","page","type-page","status-publish","hentry"],"_links":{"self":[{"href":"https:\/\/www.bomberos.gob.pa\/congreso-mujeres-bomberas-2025\/wp-json\/wp\/v2\/pages\/1120","targetHints":{"allow":["GET"]}}],"collection":[{"href":"https:\/\/www.bomberos.gob.pa\/congreso-mujeres-bomberas-2025\/wp-json\/wp\/v2\/pages"}],"about":[{"href":"https:\/\/www.bomberos.gob.pa\/congreso-mujeres-bomberas-2025\/wp-json\/wp\/v2\/types\/page"}],"author":[{"embeddable":true,"href":"https:\/\/www.bomberos.gob.pa\/congreso-mujeres-bomberas-2025\/wp-json\/wp\/v2\/users\/1"}],"replies":[{"embeddable":true,"href":"https:\/\/www.bomberos.gob.pa\/congreso-mujeres-bomberas-2025\/wp-json\/wp\/v2\/comments?post=1120"}],"version-history":[{"count":0,"href":"https:\/\/www.bomberos.gob.pa\/congreso-mujeres-bomberas-2025\/wp-json\/wp\/v2\/pages\/1120\/revisions"}],"wp:attachment":[{"href":"https:\/\/www.bomberos.gob.pa\/congreso-mujeres-bomberas-2025\/wp-json\/wp\/v2\/media?parent=1120"}],"curies":[{"name":"wp","href":"https:\/\/api.w.org\/{rel}","templated":true}]}}