{"id":960,"date":"2026-04-27T15:29:41","date_gmt":"2026-04-27T20:29:41","guid":{"rendered":"https:\/\/www.bomberos.gob.pa\/ciesb26\/?page_id=960"},"modified":"2026-04-27T15:36:37","modified_gmt":"2026-04-27T20:36:37","slug":"radisson-amador","status":"publish","type":"page","link":"https:\/\/www.bomberos.gob.pa\/ciesb26\/radisson-amador\/","title":{"rendered":"RADISSON AMADOR"},"content":{"rendered":"\t\t<div data-elementor-type=\"wp-page\" data-elementor-id=\"960\" class=\"elementor elementor-960\" data-elementor-post-type=\"page\">\n\t\t\t\t\t\t<section class=\"elementor-section elementor-top-section elementor-element elementor-element-506b522 elementor-section-stretched animated-fast elementor-section-full_width elementor-section-height-default elementor-section-height-default elementor-invisible\" data-id=\"506b522\" data-element_type=\"section\" data-e-type=\"section\" data-settings=\"{&quot;stretch_section&quot;:&quot;section-stretched&quot;,&quot;background_background&quot;:&quot;classic&quot;,&quot;animation&quot;:&quot;fadeIn&quot;}\">\n\t\t\t\t\t\t\t<div class=\"elementor-background-overlay\"><\/div>\n\t\t\t\t\t\t\t<div class=\"elementor-container elementor-column-gap-no\">\n\t\t\t\t\t<div class=\"elementor-column elementor-col-100 elementor-top-column elementor-element elementor-element-b7165b8\" data-id=\"b7165b8\" data-element_type=\"column\" data-e-type=\"column\">\n\t\t\t<div class=\"elementor-widget-wrap elementor-element-populated\">\n\t\t\t\t\t\t<div class=\"elementor-element elementor-element-dcf9ef3 elementor-arrows-position-inside elementor-pagination-position-outside elementor-widget elementor-widget-image-carousel\" data-id=\"dcf9ef3\" data-element_type=\"widget\" data-e-type=\"widget\" data-settings=\"{&quot;image_spacing_custom&quot;:{&quot;unit&quot;:&quot;px&quot;,&quot;size&quot;:8,&quot;sizes&quot;:[]},&quot;navigation&quot;:&quot;both&quot;,&quot;autoplay&quot;:&quot;yes&quot;,&quot;pause_on_hover&quot;:&quot;yes&quot;,&quot;pause_on_interaction&quot;:&quot;yes&quot;,&quot;autoplay_speed&quot;:5000,&quot;infinite&quot;:&quot;yes&quot;,&quot;speed&quot;:500,&quot;image_spacing_custom_tablet&quot;:{&quot;unit&quot;:&quot;px&quot;,&quot;size&quot;:&quot;&quot;,&quot;sizes&quot;:[]},&quot;image_spacing_custom_mobile&quot;:{&quot;unit&quot;:&quot;px&quot;,&quot;size&quot;:&quot;&quot;,&quot;sizes&quot;:[]}}\" data-widget_type=\"image-carousel.default\">\n\t\t\t\t\t\t\t<div class=\"elementor-image-carousel-wrapper swiper\" role=\"region\" aria-roledescription=\"carousel\" aria-label=\"Carrusel de im\u00e1genes\" dir=\"ltr\">\n\t\t\t<div class=\"elementor-image-carousel swiper-wrapper\" aria-live=\"off\">\n\t\t\t\t\t\t\t\t<div class=\"swiper-slide\" role=\"group\" aria-roledescription=\"slide\" aria-label=\"1 de 6\"><a data-elementor-open-lightbox=\"yes\" data-elementor-lightbox-slideshow=\"dcf9ef3\" data-elementor-lightbox-title=\"hotel-radisson-amador-001\" data-e-action-hash=\"#elementor-action%3Aaction%3Dlightbox%26settings%3DeyJpZCI6OTA5LCJ1cmwiOiJodHRwczpcL1wvd3d3LmJvbWJlcm9zLmdvYi5wYVwvY2llc2IyNlwvd3AtY29udGVudFwvdXBsb2Fkc1wvMjAyNlwvMDRcL2hvdGVsLXJhZGlzc29uLWFtYWRvci0wMDEuanBnIiwic2xpZGVzaG93IjoiZGNmOWVmMyJ9\" href=\"https:\/\/www.bomberos.gob.pa\/ciesb26\/wp-content\/uploads\/2026\/04\/hotel-radisson-amador-001.jpg\"><figure class=\"swiper-slide-inner\"><img decoding=\"async\" class=\"swiper-slide-image\" src=\"https:\/\/www.bomberos.gob.pa\/ciesb26\/wp-content\/uploads\/2026\/04\/hotel-radisson-amador-001.jpg\" alt=\"hotel-radisson-amador-001\" \/><\/figure><\/a><\/div><div class=\"swiper-slide\" role=\"group\" aria-roledescription=\"slide\" aria-label=\"2 de 6\"><a data-elementor-open-lightbox=\"yes\" data-elementor-lightbox-slideshow=\"dcf9ef3\" data-elementor-lightbox-title=\"hotel-radisson-amador-002\" data-e-action-hash=\"#elementor-action%3Aaction%3Dlightbox%26settings%3DeyJpZCI6OTYzLCJ1cmwiOiJodHRwczpcL1wvd3d3LmJvbWJlcm9zLmdvYi5wYVwvY2llc2IyNlwvd3AtY29udGVudFwvdXBsb2Fkc1wvMjAyNlwvMDRcL2hvdGVsLXJhZGlzc29uLWFtYWRvci0wMDIuanBnIiwic2xpZGVzaG93IjoiZGNmOWVmMyJ9\" href=\"https:\/\/www.bomberos.gob.pa\/ciesb26\/wp-content\/uploads\/2026\/04\/hotel-radisson-amador-002.jpg\"><figure class=\"swiper-slide-inner\"><img decoding=\"async\" class=\"swiper-slide-image\" src=\"https:\/\/www.bomberos.gob.pa\/ciesb26\/wp-content\/uploads\/2026\/04\/hotel-radisson-amador-002.jpg\" alt=\"hotel-radisson-amador-002\" \/><\/figure><\/a><\/div><div class=\"swiper-slide\" role=\"group\" aria-roledescription=\"slide\" aria-label=\"3 de 6\"><a data-elementor-open-lightbox=\"yes\" data-elementor-lightbox-slideshow=\"dcf9ef3\" data-elementor-lightbox-title=\"hotel-radisson-amador-003\" data-e-action-hash=\"#elementor-action%3Aaction%3Dlightbox%26settings%3DeyJpZCI6OTYyLCJ1cmwiOiJodHRwczpcL1wvd3d3LmJvbWJlcm9zLmdvYi5wYVwvY2llc2IyNlwvd3AtY29udGVudFwvdXBsb2Fkc1wvMjAyNlwvMDRcL2hvdGVsLXJhZGlzc29uLWFtYWRvci0wMDMuanBnIiwic2xpZGVzaG93IjoiZGNmOWVmMyJ9\" href=\"https:\/\/www.bomberos.gob.pa\/ciesb26\/wp-content\/uploads\/2026\/04\/hotel-radisson-amador-003.jpg\"><figure class=\"swiper-slide-inner\"><img decoding=\"async\" class=\"swiper-slide-image\" src=\"https:\/\/www.bomberos.gob.pa\/ciesb26\/wp-content\/uploads\/2026\/04\/hotel-radisson-amador-003.jpg\" alt=\"hotel-radisson-amador-003\" \/><\/figure><\/a><\/div><div class=\"swiper-slide\" role=\"group\" aria-roledescription=\"slide\" aria-label=\"4 de 6\"><a data-elementor-open-lightbox=\"yes\" data-elementor-lightbox-slideshow=\"dcf9ef3\" data-elementor-lightbox-title=\"hotel-radisson-amador-004\" data-e-action-hash=\"#elementor-action%3Aaction%3Dlightbox%26settings%3DeyJpZCI6OTY0LCJ1cmwiOiJodHRwczpcL1wvd3d3LmJvbWJlcm9zLmdvYi5wYVwvY2llc2IyNlwvd3AtY29udGVudFwvdXBsb2Fkc1wvMjAyNlwvMDRcL2hvdGVsLXJhZGlzc29uLWFtYWRvci0wMDQuanBnIiwic2xpZGVzaG93IjoiZGNmOWVmMyJ9\" href=\"https:\/\/www.bomberos.gob.pa\/ciesb26\/wp-content\/uploads\/2026\/04\/hotel-radisson-amador-004.jpg\"><figure class=\"swiper-slide-inner\"><img decoding=\"async\" class=\"swiper-slide-image\" src=\"https:\/\/www.bomberos.gob.pa\/ciesb26\/wp-content\/uploads\/2026\/04\/hotel-radisson-amador-004.jpg\" alt=\"hotel-radisson-amador-004\" \/><\/figure><\/a><\/div><div class=\"swiper-slide\" role=\"group\" aria-roledescription=\"slide\" aria-label=\"5 de 6\"><a data-elementor-open-lightbox=\"yes\" data-elementor-lightbox-slideshow=\"dcf9ef3\" data-elementor-lightbox-title=\"hotel-radisson-amador-006\" data-e-action-hash=\"#elementor-action%3Aaction%3Dlightbox%26settings%3DeyJpZCI6OTY1LCJ1cmwiOiJodHRwczpcL1wvd3d3LmJvbWJlcm9zLmdvYi5wYVwvY2llc2IyNlwvd3AtY29udGVudFwvdXBsb2Fkc1wvMjAyNlwvMDRcL2hvdGVsLXJhZGlzc29uLWFtYWRvci0wMDYuanBnIiwic2xpZGVzaG93IjoiZGNmOWVmMyJ9\" href=\"https:\/\/www.bomberos.gob.pa\/ciesb26\/wp-content\/uploads\/2026\/04\/hotel-radisson-amador-006.jpg\"><figure class=\"swiper-slide-inner\"><img decoding=\"async\" class=\"swiper-slide-image\" src=\"https:\/\/www.bomberos.gob.pa\/ciesb26\/wp-content\/uploads\/2026\/04\/hotel-radisson-amador-006.jpg\" alt=\"hotel-radisson-amador-006\" \/><\/figure><\/a><\/div><div class=\"swiper-slide\" role=\"group\" aria-roledescription=\"slide\" aria-label=\"6 de 6\"><a data-elementor-open-lightbox=\"yes\" data-elementor-lightbox-slideshow=\"dcf9ef3\" data-elementor-lightbox-title=\"hotel-radisson-amador-005\" data-e-action-hash=\"#elementor-action%3Aaction%3Dlightbox%26settings%3DeyJpZCI6OTY2LCJ1cmwiOiJodHRwczpcL1wvd3d3LmJvbWJlcm9zLmdvYi5wYVwvY2llc2IyNlwvd3AtY29udGVudFwvdXBsb2Fkc1wvMjAyNlwvMDRcL2hvdGVsLXJhZGlzc29uLWFtYWRvci0wMDUuanBnIiwic2xpZGVzaG93IjoiZGNmOWVmMyJ9\" href=\"https:\/\/www.bomberos.gob.pa\/ciesb26\/wp-content\/uploads\/2026\/04\/hotel-radisson-amador-005.jpg\"><figure class=\"swiper-slide-inner\"><img decoding=\"async\" class=\"swiper-slide-image\" src=\"https:\/\/www.bomberos.gob.pa\/ciesb26\/wp-content\/uploads\/2026\/04\/hotel-radisson-amador-005.jpg\" alt=\"hotel-radisson-amador-005\" \/><\/figure><\/a><\/div>\t\t\t<\/div>\n\t\t\t\t\t\t\t\t\t\t\t\t<div class=\"elementor-swiper-button elementor-swiper-button-prev\" role=\"button\" tabindex=\"0\">\n\t\t\t\t\t\t<svg aria-hidden=\"true\" class=\"e-font-icon-svg e-eicon-chevron-left\" viewBox=\"0 0 1000 1000\" xmlns=\"http:\/\/www.w3.org\/2000\/svg\"><path d=\"M646 125C629 125 613 133 604 142L308 442C296 454 292 471 292 487 292 504 296 521 308 533L604 854C617 867 629 875 646 875 663 875 679 871 692 858 704 846 713 829 713 812 713 796 708 779 692 767L438 487 692 225C700 217 708 204 708 187 708 171 704 154 692 142 675 129 663 125 646 125Z\"><\/path><\/svg>\t\t\t\t\t<\/div>\n\t\t\t\t\t<div class=\"elementor-swiper-button elementor-swiper-button-next\" role=\"button\" tabindex=\"0\">\n\t\t\t\t\t\t<svg aria-hidden=\"true\" class=\"e-font-icon-svg e-eicon-chevron-right\" viewBox=\"0 0 1000 1000\" xmlns=\"http:\/\/www.w3.org\/2000\/svg\"><path d=\"M696 533C708 521 713 504 713 487 713 471 708 454 696 446L400 146C388 133 375 125 354 125 338 125 325 129 313 142 300 154 292 171 292 187 292 204 296 221 308 233L563 492 304 771C292 783 288 800 288 817 288 833 296 850 308 863 321 871 338 875 354 875 371 875 388 867 400 854L696 533Z\"><\/path><\/svg>\t\t\t\t\t<\/div>\n\t\t\t\t\n\t\t\t\t\t\t\t\t\t<div class=\"swiper-pagination\"><\/div>\n\t\t\t\t\t\t\t\t\t<\/div>\n\t\t\t\t\t\t<\/div>\n\t\t\t\t\t<\/div>\n\t\t<\/div>\n\t\t\t\t\t<\/div>\n\t\t<\/section>\n\t\t\t\t<section class=\"elementor-section elementor-top-section elementor-element elementor-element-89ae680 elementor-section-stretched elementor-section-boxed elementor-section-height-default elementor-section-height-default\" data-id=\"89ae680\" data-element_type=\"section\" data-e-type=\"section\" data-settings=\"{&quot;stretch_section&quot;:&quot;section-stretched&quot;,&quot;background_background&quot;:&quot;classic&quot;}\">\n\t\t\t\t\t\t\t<div class=\"elementor-background-overlay\"><\/div>\n\t\t\t\t\t\t\t<div class=\"elementor-container elementor-column-gap-default\">\n\t\t\t\t\t<div class=\"elementor-column elementor-col-33 elementor-top-column elementor-element elementor-element-42c15ec elementor-invisible\" data-id=\"42c15ec\" data-element_type=\"column\" data-e-type=\"column\" data-settings=\"{&quot;animation&quot;:&quot;fadeIn&quot;}\">\n\t\t\t<div class=\"elementor-widget-wrap elementor-element-populated\">\n\t\t\t\t\t\t<div class=\"elementor-element elementor-element-17ce1f1 tx-hd-align-center elementor-invisible elementor-widget elementor-widget-avas-heading\" data-id=\"17ce1f1\" data-element_type=\"widget\" data-e-type=\"widget\" data-settings=\"{&quot;_animation&quot;:&quot;fadeIn&quot;}\" data-widget_type=\"avas-heading.default\">\n\t\t\t\t<div class=\"elementor-widget-container\">\n\t\t\t\t\t        <div class=\"tx-hd-wrap\">\n\n            <div class=\"tx-hd-wm\"><\/div>\n\n            \n            <div class=\"tx-hd-sub\"><\/div>\n                        <h2 class=\"tx-hd-title\">\n                <span class=\"tx-hd-first-part\">HOTEL<\/span>\n                <span class=\"tx-hd-last-part\">RADISSON AMADOR<\/span>\n            <\/h2>    \n            \n            <div class=\"tx-hd-desc\"><\/div>\n\n\n                   \n        <\/div><!-- tx-hd-wrap -->\n\n\n\n\n\n\n\n\n\t\t\t\t<\/div>\n\t\t\t\t<\/div>\n\t\t<div class=\"elementor-element elementor-element-7b7900c e-flex e-con-boxed e-con e-parent\" data-id=\"7b7900c\" data-element_type=\"container\" data-e-type=\"container\">\n\t\t\t\t\t<div class=\"e-con-inner\">\n\t\t\t\t<div class=\"elementor-element elementor-element-df34ad6 tx-hd-align-center elementor-widget elementor-widget-avas-heading\" data-id=\"df34ad6\" data-element_type=\"widget\" data-e-type=\"widget\" data-widget_type=\"avas-heading.default\">\n\t\t\t\t<div class=\"elementor-widget-container\">\n\t\t\t\t\t        <div class=\"tx-hd-wrap\">\n\n            <div class=\"tx-hd-wm\"><\/div>\n\n            \n            <div class=\"tx-hd-sub\">EST\u00c1NDAR (Vista al Jard\u00edn)<\/div>\n                        <h2 class=\"tx-hd-title\">\n                <span class=\"tx-hd-first-part\">$99.00<\/span>\n                <span class=\"tx-hd-last-part\">+ impuesto<\/span>\n            <\/h2>    \n            \n            <div class=\"tx-hd-desc\"><p>Incluye Desayuno Buffet<\/p><\/div>\n\n\n                   \n        <\/div><!-- tx-hd-wrap -->\n\n\n\n\n\n\n\n\n\t\t\t\t<\/div>\n\t\t\t\t<\/div>\n\t\t\t\t<div class=\"elementor-element elementor-element-c6c6a7b tx-hd-align-center elementor-widget elementor-widget-avas-heading\" data-id=\"c6c6a7b\" data-element_type=\"widget\" data-e-type=\"widget\" data-widget_type=\"avas-heading.default\">\n\t\t\t\t<div class=\"elementor-widget-container\">\n\t\t\t\t\t        <div class=\"tx-hd-wrap\">\n\n            <div class=\"tx-hd-wm\"><\/div>\n\n            \n            <div class=\"tx-hd-sub\">EST\u00c1NDAR (Vista al Mar)<\/div>\n                        <h2 class=\"tx-hd-title\">\n                <span class=\"tx-hd-first-part\">$115.00<\/span>\n                <span class=\"tx-hd-last-part\">+ impuesto<\/span>\n            <\/h2>    \n            \n            <div class=\"tx-hd-desc\"><p>Incluye Desayuno Buffet<\/p><\/div>\n\n\n                   \n        <\/div><!-- tx-hd-wrap -->\n\n\n\n\n\n\n\n\n\t\t\t\t<\/div>\n\t\t\t\t<\/div>\n\t\t\t\t<div class=\"elementor-element elementor-element-362fe01 tx-hd-align-center elementor-widget elementor-widget-avas-heading\" data-id=\"362fe01\" data-element_type=\"widget\" data-e-type=\"widget\" data-widget_type=\"avas-heading.default\">\n\t\t\t\t<div class=\"elementor-widget-container\">\n\t\t\t\t\t        <div class=\"tx-hd-wrap\">\n\n            <div class=\"tx-hd-wm\"><\/div>\n\n            \n            <div class=\"tx-hd-sub\">JR SUITE (Vista al Jard\u00edn)<\/div>\n                        <h2 class=\"tx-hd-title\">\n                <span class=\"tx-hd-first-part\">$110.00<\/span>\n                <span class=\"tx-hd-last-part\">+ impuesto<\/span>\n            <\/h2>    \n            \n            <div class=\"tx-hd-desc\"><p>Incluye Desayuno Buffet<\/p><\/div>\n\n\n                   \n        <\/div><!-- tx-hd-wrap -->\n\n\n\n\n\n\n\n\n\t\t\t\t<\/div>\n\t\t\t\t<\/div>\n\t\t\t\t<div class=\"elementor-element elementor-element-7287044 tx-hd-align-center elementor-widget elementor-widget-avas-heading\" data-id=\"7287044\" data-element_type=\"widget\" data-e-type=\"widget\" data-widget_type=\"avas-heading.default\">\n\t\t\t\t<div class=\"elementor-widget-container\">\n\t\t\t\t\t        <div class=\"tx-hd-wrap\">\n\n            <div class=\"tx-hd-wm\"><\/div>\n\n            \n            <div class=\"tx-hd-sub\">JR SUITE (Vista al Mar)<\/div>\n                        <h2 class=\"tx-hd-title\">\n                <span class=\"tx-hd-first-part\">$125.00<\/span>\n                <span class=\"tx-hd-last-part\">+ impuesto<\/span>\n            <\/h2>    \n            \n            <div class=\"tx-hd-desc\"><p>Incluye Desayuno Buffet<\/p><\/div>\n\n\n                   \n        <\/div><!-- tx-hd-wrap -->\n\n\n\n\n\n\n\n\n\t\t\t\t<\/div>\n\t\t\t\t<\/div>\n\t\t\t\t\t<\/div>\n\t\t\t\t<\/div>\n\t\t\t\t<div class=\"elementor-element elementor-element-347f649 elementor-widget elementor-widget-text-editor\" data-id=\"347f649\" data-element_type=\"widget\" data-e-type=\"widget\" data-widget_type=\"text-editor.default\">\n\t\t\t\t\t\t\t\t\t<h4><span style=\"color: #fcb215;\">Direcci\u00f3n<\/span><\/h4><h5><span style=\"color: #ffffff;\">Ave. Amador y C. Van Hook, Ciudad de Panam\u00e1<\/span><\/h5>\t\t\t\t\t\t\t\t<\/div>\n\t\t\t\t<div class=\"elementor-element elementor-element-0bc0cf0 elementor-widget elementor-widget-text-editor\" data-id=\"0bc0cf0\" data-element_type=\"widget\" data-e-type=\"widget\" data-widget_type=\"text-editor.default\">\n\t\t\t\t\t\t\t\t\t<h4><span style=\"color: #fcb215;\">Contacto<\/span><\/h4><h5><span style=\"color: #ffffff;\">+507 211 4522 \/ 6430 4348<\/span><\/h5><h5><a href=\"mailto:jazmin.alvarez@ghlhoteles.com\" target=\"_blank\" rel=\"noopener\"><span style=\"color: #ffffff;\">jazmin.alvarez@ghlhoteles.com<\/span><\/a><\/h5>\t\t\t\t\t\t\t\t<\/div>\n\t\t\t\t<div class=\"elementor-element elementor-element-21c1b0e tx-hd-align-center elementor-widget elementor-widget-avas-heading\" data-id=\"21c1b0e\" data-element_type=\"widget\" data-e-type=\"widget\" data-widget_type=\"avas-heading.default\">\n\t\t\t\t<div class=\"elementor-widget-container\">\n\t\t\t\t\t        <div class=\"tx-hd-wrap\">\n\n            <div class=\"tx-hd-wm\"><\/div>\n\n            \n            <div class=\"tx-hd-sub\"><\/div>\n                        <h2 class=\"tx-hd-title\">\n                <span class=\"tx-hd-first-part\"><\/span>\n                <span class=\"tx-hd-last-part\"><\/span>\n            <\/h2>    \n            \n            <div class=\"tx-hd-desc\"><p>Utiliza el <span style=\"color: #fcb215\"><strong>c\u00f3digo BOMBEROS26<\/strong><\/span>\u00a0para recibir tu <span style=\"color: #fcb215\"><strong>descuento <\/strong><\/span>de participante.<\/p><\/div>\n\n\n                   \n        <\/div><!-- tx-hd-wrap -->\n\n\n\n\n\n\n\n\n\t\t\t\t<\/div>\n\t\t\t\t<\/div>\n\t\t\t\t\t<\/div>\n\t\t<\/div>\n\t\t\t\t<div class=\"elementor-column elementor-col-33 elementor-top-column elementor-element elementor-element-af4e2c4\" data-id=\"af4e2c4\" data-element_type=\"column\" data-e-type=\"column\">\n\t\t\t<div class=\"elementor-widget-wrap\">\n\t\t\t\t\t\t\t<\/div>\n\t\t<\/div>\n\t\t\t\t<div class=\"elementor-column elementor-col-33 elementor-top-column elementor-element elementor-element-864c040 elementor-invisible\" data-id=\"864c040\" data-element_type=\"column\" data-e-type=\"column\" data-settings=\"{&quot;animation&quot;:&quot;fadeIn&quot;}\">\n\t\t\t<div class=\"elementor-widget-wrap elementor-element-populated\">\n\t\t\t\t\t\t<div class=\"elementor-element elementor-element-3573e9c elementor-widget elementor-widget-google_maps\" data-id=\"3573e9c\" data-element_type=\"widget\" data-e-type=\"widget\" data-widget_type=\"google_maps.default\">\n\t\t\t\t\t\t\t<div class=\"elementor-custom-embed\">\n\t\t\t<iframe loading=\"lazy\"\n\t\t\t\t\tsrc=\"https:\/\/maps.google.com\/maps?q=radisson%20amador&#038;t=m&#038;z=17&#038;output=embed&#038;iwloc=near\"\n\t\t\t\t\ttitle=\"radisson amador\"\n\t\t\t\t\taria-label=\"radisson amador\"\n\t\t\t><\/iframe>\n\t\t<\/div>\n\t\t\t\t\t\t<\/div>\n\t\t\t\t\t<\/div>\n\t\t<\/div>\n\t\t\t\t\t<\/div>\n\t\t<\/section>\n\t\t\t\t<\/div>\n\t\t","protected":false},"excerpt":{"rendered":"<p class=\"tx-excerpt\">HOTEL RADISSON AMADOR EST\u00c1NDAR (Vista al Jard\u00edn) $99.00 + impuesto Incluye Desayuno Buffet EST\u00c1NDAR (Vista al Mar) $115.00 + impuesto Incluye Desayuno Buffet JR SUITE (Vista al Jard\u00edn) $110.00 + [&hellip;]\n<\/p>","protected":false},"author":1,"featured_media":909,"parent":0,"menu_order":0,"comment_status":"closed","ping_status":"closed","template":"","meta":{"footnotes":""},"class_list":["post-960","page","type-page","status-publish","has-post-thumbnail","hentry"],"_links":{"self":[{"href":"https:\/\/www.bomberos.gob.pa\/ciesb26\/wp-json\/wp\/v2\/pages\/960","targetHints":{"allow":["GET"]}}],"collection":[{"href":"https:\/\/www.bomberos.gob.pa\/ciesb26\/wp-json\/wp\/v2\/pages"}],"about":[{"href":"https:\/\/www.bomberos.gob.pa\/ciesb26\/wp-json\/wp\/v2\/types\/page"}],"author":[{"embeddable":true,"href":"https:\/\/www.bomberos.gob.pa\/ciesb26\/wp-json\/wp\/v2\/users\/1"}],"replies":[{"embeddable":true,"href":"https:\/\/www.bomberos.gob.pa\/ciesb26\/wp-json\/wp\/v2\/comments?post=960"}],"version-history":[{"count":7,"href":"https:\/\/www.bomberos.gob.pa\/ciesb26\/wp-json\/wp\/v2\/pages\/960\/revisions"}],"predecessor-version":[{"id":972,"href":"https:\/\/www.bomberos.gob.pa\/ciesb26\/wp-json\/wp\/v2\/pages\/960\/revisions\/972"}],"wp:featuredmedia":[{"embeddable":true,"href":"https:\/\/www.bomberos.gob.pa\/ciesb26\/wp-json\/wp\/v2\/media\/909"}],"wp:attachment":[{"href":"https:\/\/www.bomberos.gob.pa\/ciesb26\/wp-json\/wp\/v2\/media?parent=960"}],"curies":[{"name":"wp","href":"https:\/\/api.w.org\/{rel}","templated":true}]}}